{"id":3077,"date":"2017-10-14T22:37:42","date_gmt":"2017-10-14T20:37:42","guid":{"rendered":"http:\/\/www.sincosrl.it\/ricondizionamento-serbatoi\/?page_id=3077"},"modified":"2019-03-27T17:00:33","modified_gmt":"2019-03-27T16:00:33","slug":"innovazioni","status":"publish","type":"page","link":"https:\/\/www.sincosrl.it\/ricondizionamento-serbatoi\/prodotti\/innovazioni\/","title":{"rendered":"Innovazioni"},"content":{"rendered":"<p>[vc_row][vc_column][vc_custom_heading text=&#8221;<strong>SINCO<\/strong> dispone di modelli brevettati&#8221; font_container=&#8221;tag:h4|text_align:left&#8221; use_theme_fonts=&#8221;yes&#8221;][vc_empty_space][\/vc_column][\/vc_row][vc_row][vc_column offset=&#8221;vc_hidden-lg vc_hidden-md vc_hidden-sm vc_hidden-xs&#8221;][vc_custom_heading text=&#8221;SINCO <strong>SAFE<\/strong>&#8221; use_theme_fonts=&#8221;yes&#8221; el_class=&#8221;title&#8221; link=&#8221;url:http%3A%2F%2Fwww.sincosrl.it%2Fricondizionamento-serbatoi%2Fsinco-safe%2F|title:Sinco%20Safe||&#8221;][\/vc_column][\/vc_row][vc_row][vc_column width=&#8221;1\/2&#8243; offset=&#8221;vc_hidden-lg vc_hidden-md vc_hidden-sm vc_hidden-xs&#8221;]<div class=\"gallery-fs\"><figure><img src=\"https:\/\/www.sincosrl.it\/ricondizionamento-serbatoi\/wp-content\/uploads\/2016\/01\/marsupio03.jpg\" alt=\"\"><figcaption><\/figcaption><\/figure><div class=\"gallery-fs-nav\"><button class=\"gallery-fs-fullscreen\"><i class=\"fa fa-arrows-alt\"><\/i><\/button><\/div><div class=\"gallery-fs-thumbnails gallery-fs-thumbnails-col-5 owl-carousel\"><a href='https:\/\/www.sincosrl.it\/ricondizionamento-serbatoi\/wp-content\/uploads\/2016\/01\/marsupio03.jpg' data-caption='' title='marsupio03' class=\"selected\"><img width=\"280\" height=\"210\" src=\"https:\/\/www.sincosrl.it\/ricondizionamento-serbatoi\/wp-content\/uploads\/2016\/01\/marsupio03-280x210.jpg\" class=\"attachment-anps-gallery-thumb size-anps-gallery-thumb\" alt=\"\" loading=\"lazy\" \/><\/a><a href='https:\/\/www.sincosrl.it\/ricondizionamento-serbatoi\/wp-content\/uploads\/2016\/01\/marsupio02.jpg' data-caption='' title='marsupio02'><img width=\"280\" height=\"210\" src=\"https:\/\/www.sincosrl.it\/ricondizionamento-serbatoi\/wp-content\/uploads\/2016\/01\/marsupio02-280x210.jpg\" class=\"attachment-anps-gallery-thumb size-anps-gallery-thumb\" alt=\"\" loading=\"lazy\" \/><\/a><a href='https:\/\/www.sincosrl.it\/ricondizionamento-serbatoi\/wp-content\/uploads\/2016\/01\/modello_marsupio.jpg' data-caption='' title='modello_marsupio'><img width=\"280\" height=\"210\" src=\"https:\/\/www.sincosrl.it\/ricondizionamento-serbatoi\/wp-content\/uploads\/2016\/01\/modello_marsupio-280x210.jpg\" class=\"attachment-anps-gallery-thumb size-anps-gallery-thumb\" alt=\"\" loading=\"lazy\" \/><\/a><a href='https:\/\/www.sincosrl.it\/ricondizionamento-serbatoi\/wp-content\/uploads\/2017\/10\/menu_inno.jpg' data-caption='' title='menu_inno'><img width=\"280\" height=\"210\" src=\"https:\/\/www.sincosrl.it\/ricondizionamento-serbatoi\/wp-content\/uploads\/2017\/10\/menu_inno-280x210.jpg\" class=\"attachment-anps-gallery-thumb size-anps-gallery-thumb\" alt=\"\" loading=\"lazy\" \/><\/a><\/div><\/div>[vc_empty_space height=&#8221;20px&#8221;]<div class=\"download\"><div class='download-content text-uppercase' style='color: #0f1a7d'><i class='fa fa fa-file-text-o'><\/i> Scopri di pi\u00f9 su SINCO SAFE<\/div><a target='_self' href='https:\/\/www.sincosrl.it\/ricondizionamento-serbatoi\/sinco-safe' class='btn btn-md btn-dark btn-shadow'><i class='fa fa fa-file-text-o'><\/i> Download<\/a><\/div>[vc_empty_space][\/vc_column][vc_column width=&#8221;1\/2&#8243; offset=&#8221;vc_hidden-lg vc_hidden-md vc_hidden-sm vc_hidden-xs&#8221;][vc_column_text]<strong>SINCO SAFE<\/strong> \u00e8 l&#8217;innovativo <strong>brevetto<\/strong> SINCO SRL per le <strong>ispezioni<\/strong> dei Serbatoi GPL.<\/p>\n<p>Un insieme di strumenti e apparecchiature per tecnici ed istallatori di serbatoi GPL, realizzati per supportarli durante le operazioni di controllo, verifica e realizzazione delle reportistiche di routine.<\/p>\n<p>Il <strong>chip<\/strong> di controllo SINCO da installare sui serbatoi ha perfetta retrocompatibilit\u00e0 con gli strumenti pi\u00f9 datati (modello Plinox)<\/p>\n<p>Il <strong>SINCO TAG<\/strong> permette di acquisire le informazioni relative alla tensione elettrica ed intensit\u00e0 di corrente del sistema di protezione catodica del serbatoio direttamente sul proprio smartphone sostituendo i vecchi e pesanti sistemi.<\/p>\n<p>La SINCO SAFE <strong>APP<\/strong> permette all&#8217;operatore di comunicare con il SINCO TAG e di compilare con il proprio smartphone il formulario di ispezione del serbatoio direttamente sul luogo.<\/p>\n<p>Con il <strong>software<\/strong> SINCOSAFE per windows infine, l&#8217;operatore potr\u00e0 importare e stampare la reportistica, o effettuare direttamente con il proprio PC le operazioni di rilevamento.[\/vc_column_text][\/vc_column][\/vc_row][vc_row][vc_column][vc_custom_heading text=&#8221;Modello <strong>MARSUPIO<\/strong>&#8221; use_theme_fonts=&#8221;yes&#8221; el_class=&#8221;title&#8221;][\/vc_column][\/vc_row][vc_row][vc_column width=&#8221;1\/2&#8243;][vc_column_text]Il \u201cMARSUPIO\u201d \u00e8 un innovativo concept di serbatoio GPL interrato.<\/p>\n<p>Il MARSUPIO \u00e8 un <strong>Brevetto Europeo<\/strong>* di cui <strong>SINCO s.r.l. <\/strong>\u00e8 licenziataria in esclusiva.<\/p>\n<p>L\u2019obiettivo di questa invenzione \u00e8 quello di rendere le installazioni di serbatoi interrati pi\u00f9 semplici potendo ridurre le distanze da piante ad alto fusto (come previsto dal D.M. 14.05.2004) nonch\u00e9 le dimensioni degli scavi per il posizionamento dei serbatoi.<\/p>\n<p>Tutto ci\u00f2 \u00e8 possibile grazie ad una protezione a sacco (il MARSUPIO), del tipo BIG-BAG, realizzato in fibra <strong>antiradice <\/strong>cos\u00ec come certificato da uno dei migliori atenei agrari d\u2019Italia.<\/p>\n<p>All\u2019interno dello stesso sacco viene posizionato il serbatoio per il GPL, assieme all\u2019anodo sacrificale, all\u2019elettrodo di riferimento e ad una sabbia arricchita di bentonite concepita per mantenere la protezione catodica sempre umida ed attiva.<\/p>\n<p>La robustezza del sacco consente altres\u00ec di proteggere efficacemente la verniciatura del serbatoio da urti accidentali durante il trasporto, inoltre agevola le operazioni di movimentazione, installazione ed eventuale disinstallazione.<\/p>\n<p>Con il serbatoio MARSUPIO si ottiene una <strong>installazione<\/strong> pi\u00f9 <strong>sicura<\/strong>, pi\u00f9 <strong>veloce<\/strong> e a <strong>costi ridotti<\/strong>.<\/p>\n<p>Contattaci a <a href=\"mailto:commerciale@sincosrl.it\">commerciale@sincosrl.it<\/a> per avere informazioni e rendi <strong>pi\u00f9 sicuro<\/strong> il tuo serbatoio!<\/p>\n<h6>* Brevetto Europeo per \u201cGas tank with protection system for underground installation\u201d n. E.P. 1435481.<\/h6>\n<p>[\/vc_column_text][\/vc_column][vc_column width=&#8221;1\/2&#8243;]<div class=\"gallery-fs\"><figure><img src=\"https:\/\/www.sincosrl.it\/ricondizionamento-serbatoi\/wp-content\/uploads\/2016\/01\/marsupio03.jpg\" alt=\"\"><figcaption><\/figcaption><\/figure><div class=\"gallery-fs-nav\"><button class=\"gallery-fs-fullscreen\"><i class=\"fa fa-arrows-alt\"><\/i><\/button><\/div><div class=\"gallery-fs-thumbnails gallery-fs-thumbnails-col-5 owl-carousel\"><a href='https:\/\/www.sincosrl.it\/ricondizionamento-serbatoi\/wp-content\/uploads\/2016\/01\/marsupio03.jpg' data-caption='' title='marsupio03' class=\"selected\"><img width=\"280\" height=\"210\" src=\"https:\/\/www.sincosrl.it\/ricondizionamento-serbatoi\/wp-content\/uploads\/2016\/01\/marsupio03-280x210.jpg\" class=\"attachment-anps-gallery-thumb size-anps-gallery-thumb\" alt=\"\" loading=\"lazy\" \/><\/a><a href='https:\/\/www.sincosrl.it\/ricondizionamento-serbatoi\/wp-content\/uploads\/2016\/01\/marsupio02.jpg' data-caption='' title='marsupio02'><img width=\"280\" height=\"210\" src=\"https:\/\/www.sincosrl.it\/ricondizionamento-serbatoi\/wp-content\/uploads\/2016\/01\/marsupio02-280x210.jpg\" class=\"attachment-anps-gallery-thumb size-anps-gallery-thumb\" alt=\"\" loading=\"lazy\" \/><\/a><a href='https:\/\/www.sincosrl.it\/ricondizionamento-serbatoi\/wp-content\/uploads\/2016\/01\/modello_marsupio.jpg' data-caption='' title='modello_marsupio'><img width=\"280\" height=\"210\" src=\"https:\/\/www.sincosrl.it\/ricondizionamento-serbatoi\/wp-content\/uploads\/2016\/01\/modello_marsupio-280x210.jpg\" class=\"attachment-anps-gallery-thumb size-anps-gallery-thumb\" alt=\"\" loading=\"lazy\" \/><\/a><a href='https:\/\/www.sincosrl.it\/ricondizionamento-serbatoi\/wp-content\/uploads\/2017\/10\/menu_inno.jpg' data-caption='' title='menu_inno'><img width=\"280\" height=\"210\" src=\"https:\/\/www.sincosrl.it\/ricondizionamento-serbatoi\/wp-content\/uploads\/2017\/10\/menu_inno-280x210.jpg\" class=\"attachment-anps-gallery-thumb size-anps-gallery-thumb\" alt=\"\" loading=\"lazy\" \/><\/a><\/div><\/div>[vc_empty_space height=&#8221;20px&#8221;]<div class=\"download\"><div class='download-content text-uppercase' style='color: #0f1a7d'><i class='fa fa fa-file-pdf-o'><\/i> SCARICA la brochure in PDF del modello MARSUPIO<\/div><a target='_self' href='http:\/\/www.sincosrl.it\/download\/sinco_marsupio.pdf' class='btn btn-md btn-dark btn-shadow'><i class='fa fa fa-cloud-download'><\/i> Download<\/a><\/div>[vc_empty_space][\/vc_column][\/vc_row][vc_row][vc_column][vc_custom_heading text=&#8221;Modello <strong>ECO<\/strong>&#8221; use_theme_fonts=&#8221;yes&#8221; el_class=&#8221;title&#8221;][\/vc_column][\/vc_row][vc_row][vc_column width=&#8221;1\/2&#8243;][vc_column_text]I serbatoi modello ECO, dopo il ciclo di finitura, vengono posizionati su di una sella in plastica, contenente sabbia arricchita di bentonite, ed ancorati alla stessa mediante reggette imputrescibili e di adeguata resistenza meccanica. La protezione catodica viene attivata posizionando, all\u2019interno della sella e completamente immersi nella sabbia umidificata, l\u2019anodo e l\u2019elettrodo di riferimento e ne viene certificato il corretto funzionamento.<\/p>\n<p>I serbatoi ECO sono idonei all\u2019installazione interrata senza la necessit\u00e0 di ulteriore zavorramento.[\/vc_column_text][\/vc_column][vc_column width=&#8221;1\/2&#8243;]<div class=\"gallery-fs\"><figure><img src=\"https:\/\/www.sincosrl.it\/ricondizionamento-serbatoi\/wp-content\/uploads\/2016\/01\/modello_eco-e1508705183855.jpg\" alt=\"\"><figcaption><\/figcaption><\/figure><div class=\"gallery-fs-nav\"><button class=\"gallery-fs-fullscreen\"><i class=\"fa fa-arrows-alt\"><\/i><\/button><\/div><div class=\"gallery-fs-thumbnails gallery-fs-thumbnails-col-5 owl-carousel\"><a href='https:\/\/www.sincosrl.it\/ricondizionamento-serbatoi\/wp-content\/uploads\/2016\/01\/modello_eco-e1508705183855.jpg' data-caption='' title='modello_eco' class=\"selected\"><img width=\"280\" height=\"210\" src=\"https:\/\/www.sincosrl.it\/ricondizionamento-serbatoi\/wp-content\/uploads\/2016\/01\/modello_eco-e1508705183855-280x210.jpg\" class=\"attachment-anps-gallery-thumb size-anps-gallery-thumb\" alt=\"\" loading=\"lazy\" \/><\/a><a href='https:\/\/www.sincosrl.it\/ricondizionamento-serbatoi\/wp-content\/uploads\/revslider\/accessori_vassoio\/vassoio01.jpg' data-caption='' title='vassoio'><img width=\"280\" height=\"210\" src=\"https:\/\/www.sincosrl.it\/ricondizionamento-serbatoi\/wp-content\/uploads\/revslider\/accessori_vassoio\/vassoio01-280x210.jpg\" class=\"attachment-anps-gallery-thumb size-anps-gallery-thumb\" alt=\"vassoio\" loading=\"lazy\" \/><\/a><a href='https:\/\/www.sincosrl.it\/ricondizionamento-serbatoi\/wp-content\/uploads\/2016\/01\/vassoio02.jpg' data-caption='' title='vassoio02'><img width=\"280\" height=\"210\" src=\"https:\/\/www.sincosrl.it\/ricondizionamento-serbatoi\/wp-content\/uploads\/2016\/01\/vassoio02-280x210.jpg\" class=\"attachment-anps-gallery-thumb size-anps-gallery-thumb\" alt=\"\" loading=\"lazy\" \/><\/a><a href='https:\/\/www.sincosrl.it\/ricondizionamento-serbatoi\/wp-content\/uploads\/2016\/01\/marsupio01.jpg' data-caption='' title='marsupio01'><img width=\"280\" height=\"210\" src=\"https:\/\/www.sincosrl.it\/ricondizionamento-serbatoi\/wp-content\/uploads\/2016\/01\/marsupio01-280x210.jpg\" class=\"attachment-anps-gallery-thumb size-anps-gallery-thumb\" alt=\"\" loading=\"lazy\" \/><\/a><\/div><\/div>[vc_empty_space][\/vc_column][\/vc_row]<\/p>\n","protected":false},"excerpt":{"rendered":"<p> &hellip;<\/p>\n","protected":false},"author":1,"featured_media":0,"parent":3057,"menu_order":0,"comment_status":"closed","ping_status":"closed","template":"","meta":[],"_links":{"self":[{"href":"https:\/\/www.sincosrl.it\/ricondizionamento-serbatoi\/wp-json\/wp\/v2\/pages\/3077"}],"collection":[{"href":"https:\/\/www.sincosrl.it\/ricondizionamento-serbatoi\/wp-json\/wp\/v2\/pages"}],"about":[{"href":"https:\/\/www.sincosrl.it\/ricondizionamento-serbatoi\/wp-json\/wp\/v2\/types\/page"}],"author":[{"embeddable":true,"href":"https:\/\/www.sincosrl.it\/ricondizionamento-serbatoi\/wp-json\/wp\/v2\/users\/1"}],"replies":[{"embeddable":true,"href":"https:\/\/www.sincosrl.it\/ricondizionamento-serbatoi\/wp-json\/wp\/v2\/comments?post=3077"}],"version-history":[{"count":11,"href":"https:\/\/www.sincosrl.it\/ricondizionamento-serbatoi\/wp-json\/wp\/v2\/pages\/3077\/revisions"}],"predecessor-version":[{"id":3570,"href":"https:\/\/www.sincosrl.it\/ricondizionamento-serbatoi\/wp-json\/wp\/v2\/pages\/3077\/revisions\/3570"}],"up":[{"embeddable":true,"href":"https:\/\/www.sincosrl.it\/ricondizionamento-serbatoi\/wp-json\/wp\/v2\/pages\/3057"}],"wp:attachment":[{"href":"https:\/\/www.sincosrl.it\/ricondizionamento-serbatoi\/wp-json\/wp\/v2\/media?parent=3077"}],"curies":[{"name":"wp","href":"https:\/\/api.w.org\/{rel}","templated":true}]}}