{"id":3130,"date":"2017-10-21T13:08:24","date_gmt":"2017-10-21T11:08:24","guid":{"rendered":"http:\/\/www.sincosrl.it\/ricondizionamento-serbatoi\/?page_id=3130"},"modified":"2017-11-08T12:06:11","modified_gmt":"2017-11-08T11:06:11","slug":"perche-il-gpl","status":"publish","type":"page","link":"https:\/\/www.sincosrl.it\/ricondizionamento-serbatoi\/perche-il-gpl\/","title":{"rendered":"Perch\u00e9 il GPL?"},"content":{"rendered":"<p>[vc_row full_width=&#8221;stretch_row&#8221; css=&#8221;.vc_custom_1465905201636{margin-top: -35px !important;margin-bottom: 0px !important;padding-top: 35px !important;padding-bottom: 35px !important;}&#8221; el_class=&#8221;background-image-left&#8221;][vc_column width=&#8221;1\/2&#8243;]<h2 class='heading-middle  divider-sm' ><span>Vantaggi Ambientali<\/span><\/h2>[vc_row_inner css=&#8221;.vc_custom_1453127283098{background-position: center !important;background-repeat: no-repeat !important;background-size: cover !important;}&#8221;][vc_column_inner][icon icon=&#8221;fa fa-envira&#8221; position=&#8221;icon-center&#8221; icon_size=&#8221;50&#8243; title=&#8221;Ecologico&#8221;]Il GPL \u00e8 ecologico perch\u00e9 riduce le emissioni inquinanti.[\/icon][icon icon=&#8221;fa fa-sort-amount-desc&#8221; position=&#8221;icon-center&#8221; icon_size=&#8221;50&#8243; title=&#8221;Minori emissioni di gas ad effetto serra&#8221;]A differenza dei motori a combustione interna alimentati a benzina, i motori a GPL hanno ridotte emissioni di gas ad effetto serra.[\/icon][icon icon=&#8221;fa fa-volume-off&#8221; position=&#8221;icon-center&#8221; icon_size=&#8221;50&#8243; title=&#8221;Riduzione rumore&#8221;]Il GPL riduce il rumore del motore, ci\u00f2 significa meno stress per l&#8217;utente e i vicini&#8230;[\/icon][icon icon=&#8221;fa fa-fire&#8221; position=&#8221;icon-center&#8221; icon_size=&#8221;50&#8243; title=&#8221;Non Tossico&#8221;]Il GPL non \u00e8 tossico per le falde acquifere e il suolo.[\/icon][\/vc_column_inner][\/vc_row_inner][vc_empty_space height=&#8221;50px&#8221;][\/vc_column][vc_column width=&#8221;1\/2&#8243;]<h2 class='heading-middle  divider-sm' ><span>Vantaggi Consumatori<\/span><\/h2>[vc_row_inner css=&#8221;.vc_custom_1453127283098{background-position: center !important;background-repeat: no-repeat !important;background-size: cover !important;}&#8221;][vc_column_inner][icon icon=&#8221;fa fa-money&#8221; position=&#8221;icon-center&#8221; icon_size=&#8221;50&#8243; title=&#8221;Risparmio&#8221;]Con il GPL riduci i costi: i risparmi sono inferiori nell&#8217;ordine del 40% rispetto alla benzina.[\/icon][icon icon=&#8221;fa fa-tachometer&#8221; position=&#8221;icon-center&#8221; icon_size=&#8221;50&#8243; title=&#8221;Piene prestazioni&#8221;]I motori a GPL hanno piene prestazioni e richiedono minori manutenzioni rispetto ai motori tradizionali a benzina.[\/icon][icon icon=&#8221;fa fa-line-chart&#8221; position=&#8221;icon-center&#8221; icon_size=&#8221;50&#8243; title=&#8221;Aumento vita del motore&#8221;]Il GPL stressa meno il motore, creando le migliori condizioni per prevenire le usure e problemi meccanici.[\/icon][icon icon=&#8221;fa fa-refresh&#8221; position=&#8221;icon-center&#8221; icon_size=&#8221;50&#8243; title=&#8221;Versatilit\u00e0&#8221;]Il GPL \u00e8 sempre disponibile ed \u00e8 ideale per diversi utilizzi: in giardino, a casa, sul lavoro, nelle strade&#8230;[\/icon][\/vc_column_inner][\/vc_row_inner][vc_empty_space height=&#8221;50px&#8221;][\/vc_column][\/vc_row]<\/p>\n","protected":false},"excerpt":{"rendered":"<p> &hellip;<\/p>\n","protected":false},"author":1,"featured_media":0,"parent":0,"menu_order":0,"comment_status":"closed","ping_status":"closed","template":"","meta":[],"_links":{"self":[{"href":"https:\/\/www.sincosrl.it\/ricondizionamento-serbatoi\/wp-json\/wp\/v2\/pages\/3130"}],"collection":[{"href":"https:\/\/www.sincosrl.it\/ricondizionamento-serbatoi\/wp-json\/wp\/v2\/pages"}],"about":[{"href":"https:\/\/www.sincosrl.it\/ricondizionamento-serbatoi\/wp-json\/wp\/v2\/types\/page"}],"author":[{"embeddable":true,"href":"https:\/\/www.sincosrl.it\/ricondizionamento-serbatoi\/wp-json\/wp\/v2\/users\/1"}],"replies":[{"embeddable":true,"href":"https:\/\/www.sincosrl.it\/ricondizionamento-serbatoi\/wp-json\/wp\/v2\/comments?post=3130"}],"version-history":[{"count":6,"href":"https:\/\/www.sincosrl.it\/ricondizionamento-serbatoi\/wp-json\/wp\/v2\/pages\/3130\/revisions"}],"predecessor-version":[{"id":3312,"href":"https:\/\/www.sincosrl.it\/ricondizionamento-serbatoi\/wp-json\/wp\/v2\/pages\/3130\/revisions\/3312"}],"wp:attachment":[{"href":"https:\/\/www.sincosrl.it\/ricondizionamento-serbatoi\/wp-json\/wp\/v2\/media?parent=3130"}],"curies":[{"name":"wp","href":"https:\/\/api.w.org\/{rel}","templated":true}]}}